{"id":838,"date":"2020-05-23T15:55:18","date_gmt":"2020-05-23T15:55:18","guid":{"rendered":"https:\/\/studio.threewisemonkeys.club\/?page_id=838"},"modified":"2021-05-31T09:45:00","modified_gmt":"2021-05-31T07:45:00","slug":"terms-and-conditions","status":"publish","type":"page","link":"https:\/\/studio.mouvements-modernes.eu\/fr\/terms-and-conditions\/","title":{"rendered":"Conditions d'utilisation"},"content":{"rendered":"<div data-elementor-type=\"wp-page\" data-elementor-id=\"838\" class=\"elementor elementor-838\">\n\t\t\t\t\t\t<section class=\"elementor-section elementor-top-section elementor-element elementor-element-50863ec2 elementor-section-boxed elementor-section-height-default elementor-section-height-default\" data-id=\"50863ec2\" data-element_type=\"section\" data-e-type=\"section\" data-settings=\"{&quot;background_background&quot;:&quot;classic&quot;}\">\n\t\t\t\t\t\t<div class=\"elementor-container elementor-column-gap-default\">\n\t\t\t\t\t<div class=\"elementor-column elementor-col-100 elementor-top-column elementor-element elementor-element-11263442\" data-id=\"11263442\" data-element_type=\"column\" data-e-type=\"column\">\n\t\t\t<div class=\"elementor-widget-wrap elementor-element-populated\">\n\t\t\t\t\t\t<div class=\"elementor-element elementor-element-cd6e751 elementor-widget elementor-widget-heading\" data-id=\"cd6e751\" data-element_type=\"widget\" data-e-type=\"widget\" data-widget_type=\"heading.default\">\n\t\t\t\t<div class=\"elementor-widget-container\">\n\t\t\t\t\t<h2 class=\"elementor-heading-title elementor-size-default\"><p style=\"font-family: georgia, serif;font-style: italic\">Conditions d'utilisation<\/p><\/h2>\t\t\t\t<\/div>\n\t\t\t\t<\/div>\n\t\t\t\t<div class=\"elementor-element elementor-element-982da08 elementor-widget elementor-widget-html\" data-id=\"982da08\" data-element_type=\"widget\" data-e-type=\"widget\" data-widget_type=\"html.default\">\n\t\t\t\t<div class=\"elementor-widget-container\">\n\t\t\t\t\tDerni\u00e8re mise \u00e0 jour : <span data-no-translation=\"\">mai 31, 2021<\/span>\t\t\t\t<\/div>\n\t\t\t\t<\/div>\n\t\t\t\t<div class=\"elementor-element elementor-element-2ca871b elementor-widget elementor-widget-html\" data-id=\"2ca871b\" data-element_type=\"widget\" data-e-type=\"widget\" data-widget_type=\"html.default\">\n\t\t\t\t<div class=\"elementor-widget-container\">\n\t\t\t\t\t<p>Veuillez lire attentivement ces Conditions d'Utilisation (\u00abConditions\u00bb, \u00abConditions d'Utilisation\u00bb) avant d'utiliser le site Web https:\/\/studio.threewisemonkeys.club (le \u00abService\u00bb) exploit\u00e9 par No\u00e9mie Cl\u00e9menceau (\u00abnous\u00bb ou \u00abnotre\u00bb).<\/p>\n<p>Votre acc\u00e8s et votre utilisation du Service d\u00e9pendent de votre acceptation et votre respect des pr\u00e9sentes Conditions. Ces Conditions s'appliquent \u00e0 tous les visiteurs, utilisateurs, membres et autres personnes qui acc\u00e8dent ou utilisent le Service.<\/p>\n<p>En acc\u00e9dant ou en utilisant le Service, vous acceptez d'\u00eatre li\u00e9 par ces Conditions. Si vous n'\u00eates pas d'accord avec une partie des conditions, vous ne pouvez pas acc\u00e9der au Service.<\/p>\n&nbsp;\t\t\t\t<\/div>\n\t\t\t\t<\/div>\n\t\t\t\t<div class=\"elementor-element elementor-element-d7d51c6 elementor-widget elementor-widget-html\" data-id=\"d7d51c6\" data-element_type=\"widget\" data-e-type=\"widget\" data-widget_type=\"html.default\">\n\t\t\t\t<div class=\"elementor-widget-container\">\n\t\t\t\t\t<h2>I - Compte d'utilisateur<\/h2><br\/>\n<p>Lorsque vous cr\u00e9ez un compte chez nous, vous devez nous fournir \u00e0 tout moment des informations exactes, compl\u00e8tes et \u00e0 jour. Ne pas le faire constitue une violation des Conditions, ce qui peut entra\u00eener la r\u00e9siliation imm\u00e9diate de votre compte sur notre Service.<\/p>\n\n<p>Vous \u00eates responsable de la sauvegarde du mot de passe que vous utilisez pour acc\u00e9der au Service et de toutes les activit\u00e9s ou actions sous votre mot de passe, que votre mot de passe soit avec notre Service ou un service tiers.<\/p>\n\n<p>Vous acceptez de ne divulguer votre mot de passe \u00e0 aucun tiers. Vous devez nous informer imm\u00e9diatement d\u00e8s que vous avez connaissance d'une violation de la s\u00e9curit\u00e9 ou d'une utilisation non autoris\u00e9e de votre compte.<\/p>\n\n<p>Votre compte est r\u00e9serv\u00e9 \u00e0 un usage personnel et vous seul pouvez utiliser le Service.<\/p>\n&nbsp;\t\t\t\t<\/div>\n\t\t\t\t<\/div>\n\t\t\t\t<div class=\"elementor-element elementor-element-d37069e elementor-widget elementor-widget-html\" data-id=\"d37069e\" data-element_type=\"widget\" data-e-type=\"widget\" data-widget_type=\"html.default\">\n\t\t\t\t<div class=\"elementor-widget-container\">\n\t\t\t\t\t<h2>II - Paiements &amp; Frais<\/h2><br\/>\n1. Frais d'abonnement\n<p>Pour acc\u00e9der au Service, vous avez le choix entre payer une cotisation mensuelle, semestrielle ou annuelle, respectivement 18 euros\/mois, 99 euros\/semestre ou 180 euros\/an. Vous acceptez et comprenez qu'en utilisant le Service, vous \u00eates redevable du paiement des frais d'adh\u00e9sion auxquels vous \u00eates abonn\u00e9 et serez automatiquement d\u00e9bit\u00e9 \u00e0 la fin de chaque p\u00e9riode de facturation, jusqu'\u00e0 ce que vous cl\u00f4turiez votre compte.<\/p>\n\n<p>Le non-paiement entra\u00eenera l'impossibilit\u00e9 d'acc\u00e9der au Service.<\/p>\n\n<p>Nous nous r\u00e9servons le droit de modifier le prix de l'adh\u00e9sion \u00e0 notre seule discr\u00e9tion.<\/p>\n<br\/>\n\n\n2. Informations de paiement\n<p>Vos informations de paiement telles que, mais non limit\u00e9es \u00e0, le num\u00e9ro de carte de cr\u00e9dit, ne sont pas stock\u00e9es ni connues par No\u00e9mie Cl\u00e9menceau. Le Service https:\/\/studio.threewisemonkeys.club utilise un mode de paiement s\u00e9curis\u00e9 fourni par Stripe pour proc\u00e9der aux paiements. Pour plus d'informations concernant le traitement de vos donn\u00e9es, veuillez consulter notre <a href=\"https:\/\/studio.threewisemonkeys.club\/privacy-policy\/\">Politique de confidentialit\u00e9<\/a>.<\/p>\n\n&nbsp;\t\t\t\t<\/div>\n\t\t\t\t<\/div>\n\t\t\t\t<div class=\"elementor-element elementor-element-07be929 elementor-widget elementor-widget-html\" data-id=\"07be929\" data-element_type=\"widget\" data-e-type=\"widget\" data-widget_type=\"html.default\">\n\t\t\t\t<div class=\"elementor-widget-container\">\n\t\t\t\t\t<h2>III - Essai gratuit, Remboursements &amp; Droit de R\u00e9traction<\/h2><br\/>\n\n1. Essai gratuit\n<p>Une p\u00e9riode d'essai gratuite de 7 jours commence \u00e0 partir du jour de la cr\u00e9ation de votre compte pour que vous puissiez d\u00e9cider si vous souhaitez continuer \u00e0 utiliser le Service ou non. Vous \u00eates libre d'annuler votre abonnement \u00e0 tout moment pendant l'essai gratuit sans \u00eatre factur\u00e9. Si vous n'annulez pas votre abonnement pendant cette p\u00e9riode, vous serez automatiquement d\u00e9bit\u00e9, \u00e0 la fin de la p\u00e9riode d'essai gratuite de 7 jours, du montant de l'abonnement auquel vous avez souscrit.<\/p><br\/>\n\n2. Remboursements\n<p>Apr\u00e8s la p\u00e9riode d'essai, les remboursements pour les abonnements mensuels ne peuvent pas \u00eatre accord\u00e9s.<\/p>\n\n<p>Pour les abonnements semestriels, un remboursement au prorata de 69 euros peut \u00eatre accord\u00e9 s'il est demand\u00e9 dans un d\u00e9lai d'un mois (30 jours) apr\u00e8s l'inscription au studio virtuel.<\/p>\n\n<p>Pour les abonnements annuels, un remboursement au prorata de 150 euros peut \u00eatre accord\u00e9 s'il est demand\u00e9 dans un d\u00e9lai d'un mois (30 jours) apr\u00e8s l'inscription au studio virtuel.<\/p>\n<p>Aucun remboursement ne sera accord\u00e9 pass\u00e9 ce d\u00e9lai. <a href=\"\/fr\/contact-us\/\">Contacte-nous<\/a> pour obtenir un remboursement.<\/p><br\/>\n\n3. Droit de r\u00e9traction\n<p>Le Service fournit un contenu num\u00e9rique livr\u00e9 sur un support immat\u00e9riel, accessible dans son int\u00e9gralit\u00e9 \u00e0 partir du jour de la cr\u00e9ation de votre compte.<\/p>\n<p>La section 6, article L221-27 du code de la consommation pr\u00e9cise que le droit de r\u00e9tractation ne s'applique pas aux \"<span class=\"VIiyi\" lang=\"en\"><span class=\"JLqJ4b ChMk0b\" data-language-for-alternatives=\"en\" data-language-to-translate-into=\"fr\" data-phrase-index=\"0\">Contrats de fourniture d'un contenu num\u00e9rique non fourni sur un support mat\u00e9riel dont l'ex\u00e9cution a commenc\u00e9 apr\u00e8s accord pr\u00e9alable expr\u00e8s du consommateur et renoncement expr\u00e8s \u00e0 son droit de r\u00e9tractation.\"<\/span><\/span><\/p>\n<p>En acceptant les Conditions G\u00e9n\u00e9rales du Service, vous comprenez et acceptez que vous renoncez \u00e0 votre droit de r\u00e9tractation.<\/p>\n&nbsp;\n\t\t\t\t<\/div>\n\t\t\t\t<\/div>\n\t\t\t\t<div class=\"elementor-element elementor-element-95e96d4 elementor-widget elementor-widget-html\" data-id=\"95e96d4\" data-element_type=\"widget\" data-e-type=\"widget\" data-widget_type=\"html.default\">\n\t\t\t\t<div class=\"elementor-widget-container\">\n\t\t\t\t\t<h2>IV - Comportement<\/h2><br\/>\n\n<p>En utilisant le Service, vous acceptez de NE PAS effectuer les actions et comportements suivants :<\/p>\n\n<p>- Insulter, harceler, menacer, discriminer, humilier ou traquer les utilisateurs ou l'administrateur du Service<br \/>- Sauvegarder et collecter les donn\u00e9es des utilisateurs ou de l'administrateur du Service sans leur consentement<br \/>- Envoyer, partager et publier du contenu inappropri\u00e9, obsc\u00e8ne et ill\u00e9gal<br \/>- Utiliser le Service pour envoyer des spams ou promouvoir une entreprise, un produit ou un service<br \/>- Toute action ou tout comportement ayant l'intention de d\u00e9grader, de perturber ou de nuire au fonctionnement du Service<\/p>\n\n<p>Votre compte sera automatiquement r\u00e9sili\u00e9 si votre comportement ne respecte pas les conditions g\u00e9n\u00e9rales que vous acceptez.<\/p>\n&nbsp;\t\t\t\t<\/div>\n\t\t\t\t<\/div>\n\t\t\t\t<div class=\"elementor-element elementor-element-c576ab8 elementor-widget elementor-widget-html\" data-id=\"c576ab8\" data-element_type=\"widget\" data-e-type=\"widget\" data-widget_type=\"html.default\">\n\t\t\t\t<div class=\"elementor-widget-container\">\n\t\t\t\t\t<h2>V - R\u00e9siliation<\/h2><br\/>\n\n<p>Nous pouvons r\u00e9silier ou suspendre votre acc\u00e8s \u00e0 notre Service imm\u00e9diatement et sans pr\u00e9avis, pour tout abus dans l'utilisation du Service.<\/p>\n\n<p>En cas de r\u00e9siliation, votre droit d'utiliser le Service cessera \u00e0 la fin de votre p\u00e9riode de facturation.<\/p>\n<p>Si vous souhaitez r\u00e9silier votre compte, vous pouvez simplement cesser d'utiliser le Service en annulant votre compte \u00e0 tout moment. Vous pouvez annuler votre compte en allant dans \u00abMon compte\u00bb, \u00abAbonnement\u00bb et en cliquant sur \u00abR\u00e9silier\u00bb. Votre compte et ses informations seront supprim\u00e9s dans les 30 jours.<\/p>\n\n<p>Toutes les dispositions des Conditions qui, par leur nature, devraient survivre \u00e0 la r\u00e9siliation survivront \u00e0 la r\u00e9siliation, y compris, sans s'y limiter, les dispositions relatives \u00e0 la propri\u00e9t\u00e9, les exclusions de garantie, l'indemnit\u00e9 et les limitations de responsabilit\u00e9.<\/p>\n&nbsp;\t\t\t\t<\/div>\n\t\t\t\t<\/div>\n\t\t\t\t<div class=\"elementor-element elementor-element-120989e elementor-widget elementor-widget-html\" data-id=\"120989e\" data-element_type=\"widget\" data-e-type=\"widget\" data-widget_type=\"html.default\">\n\t\t\t\t<div class=\"elementor-widget-container\">\n\t\t\t\t\t<h2>VI - Utilisation du Service<\/h2><br\/>\n\n<p>En acceptant les Conditions G\u00e9n\u00e9rales de Vente, vous vous engagez \u00e0 ne pas poursuivre No\u00e9mie Cl\u00e9menceau pour tout dommage physique ou mat\u00e9riel r\u00e9sultant de l'utilisation du Service.<\/p>\n\n<p>En utilisant le Service, vous reconnaissez que toute activit\u00e9 physique pr\u00e9sente un risque et que vous \u00eates responsable de votre bien-\u00eatre. No\u00e9mie Cl\u00e9menceau n'est pas et ne d\u00e9clare pas \u00eatre une professionnelle de sant\u00e9. Aucune information sur ce site ne doit \u00eatre consid\u00e9r\u00e9e comme un avis m\u00e9dical. Consultez un m\u00e9decin avant de commencer tout nouveau type d'activit\u00e9 physique ou d'exercice.<\/p>\n&nbsp;\t\t\t\t<\/div>\n\t\t\t\t<\/div>\n\t\t\t\t<div class=\"elementor-element elementor-element-91f6758 elementor-widget elementor-widget-html\" data-id=\"91f6758\" data-element_type=\"widget\" data-e-type=\"widget\" data-widget_type=\"html.default\">\n\t\t\t\t<div class=\"elementor-widget-container\">\n\t\t\t\t\t<h2>VII - Propri\u00e9t\u00e9 intellectuelle<\/h2><br\/>\n\n<p>Le Service et son contenu, ses caract\u00e9ristiques et ses fonctionnalit\u00e9s d'origine sont et resteront la propri\u00e9t\u00e9 exclusive de No\u00e9mie Cl\u00e9menceau et de ses conc\u00e9dants de licence. Vous n'\u00eates pas autoris\u00e9 \u00e0 enregistrer, t\u00e9l\u00e9charger, copier ou partager le contenu repr\u00e9sent\u00e9 sur https:\/\/studio.threewisemonkeys.club.<\/p>\n&nbsp;\t\t\t\t<\/div>\n\t\t\t\t<\/div>\n\t\t\t\t<div class=\"elementor-element elementor-element-b37acfc elementor-widget elementor-widget-html\" data-id=\"b37acfc\" data-element_type=\"widget\" data-e-type=\"widget\" data-widget_type=\"html.default\">\n\t\t\t\t<div class=\"elementor-widget-container\">\n\t\t\t\t\t<h2>VIII - Liens vers des sites tiers<\/h2><br\/>\n\n<p>Notre Service peut contenir des liens vers des sites Web ou des services tiers qui ne sont pas d\u00e9tenus ou contr\u00f4l\u00e9s par No\u00e9mie Cl\u00e9menceau.<\/p>\n\n<p>No\u00e9mie Cl\u00e9menceau n'a aucun contr\u00f4le sur, et n'assume aucune responsabilit\u00e9 pour, le contenu, les politiques de confidentialit\u00e9 ou les pratiques de tout site Web ou service tiers. Vous reconnaissez et acceptez en outre que No\u00e9mie Cl\u00e9menceau ne sera pas responsable, directement ou indirectement, de tout dommage ou perte caus\u00e9 ou pr\u00e9sum\u00e9 \u00eatre caus\u00e9 par ou en relation avec l'utilisation ou la d\u00e9pendance \u00e0 l'\u00e9gard de tels contenus, biens ou services disponibles sur ou par le biais de ces sites Web ou services.<\/p>\n<p>Nous vous conseillons fortement de lire les termes et conditions et les politiques de confidentialit\u00e9 de tout site Web ou service tiers que vous visitez.<\/p>\n&nbsp;\t\t\t\t<\/div>\n\t\t\t\t<\/div>\n\t\t\t\t<div class=\"elementor-element elementor-element-e3eb9b6 elementor-widget elementor-widget-html\" data-id=\"e3eb9b6\" data-element_type=\"widget\" data-e-type=\"widget\" data-widget_type=\"html.default\">\n\t\t\t\t<div class=\"elementor-widget-container\">\n\t\t\t\t\t<h2>IX - Avertissement<\/h2><br\/>\n\n<p>Votre utilisation du Service est \u00e0 vos propres risques et p\u00e9rils. Le Service est fourni \u00abTEL QUEL\u00bb et \u00abTEL QUE DISPONIBLE\u00bb. Le Service est fourni sans garantie d'aucune sorte, expresse ou implicite, y compris, mais sans s'y limiter, les garanties implicites de qualit\u00e9 marchande, d'ad\u00e9quation \u00e0 un usage particulier, de non-contrefa\u00e7on ou de performance.<\/p>\n\n<p>No\u00e9mie Cl\u00e9menceau se r\u00e9serve le droit d'apporter des modifications \u00e0 la conception, au contenu, aux fonctionnalit\u00e9s et \u00e0 l'utilisabilit\u00e9 du Service. No\u00e9mie Cl\u00e9menceau ne pourra \u00eatre tenue responsable des pertes de donn\u00e9es et probl\u00e8mes techniques li\u00e9s \u00e0 l'utilisation du Service.<\/p>\n&nbsp;\t\t\t\t<\/div>\n\t\t\t\t<\/div>\n\t\t\t\t<div class=\"elementor-element elementor-element-172d2a1 elementor-widget elementor-widget-html\" data-id=\"172d2a1\" data-element_type=\"widget\" data-e-type=\"widget\" data-widget_type=\"html.default\">\n\t\t\t\t<div class=\"elementor-widget-container\">\n\t\t\t\t\t<h2>X - Loi Applicable<\/h2><br\/>\n\n<p>Ces Conditions seront r\u00e9gies et interpr\u00e9t\u00e9es conform\u00e9ment aux lois de la France sans \u00e9gard \u00e0 ses dispositions en mati\u00e8re de conflit de lois.<\/p>\n\n<p>Notre incapacit\u00e9 \u00e0 appliquer tout droit ou disposition des pr\u00e9sentes Conditions ne sera pas consid\u00e9r\u00e9 comme une renonciation \u00e0 ces droits. Si une disposition des pr\u00e9sentes Conditions est jug\u00e9e invalide ou inapplicable par un tribunal, les autres dispositions des pr\u00e9sentes Conditions resteront en vigueur. Ces Conditions constituent l'int\u00e9gralit\u00e9 de l'accord entre nous concernant notre Service, et remplacent tout accord ant\u00e9rieur que nous pourrions avoir entre nous concernant le Service.<\/p>\n&nbsp;\t\t\t\t<\/div>\n\t\t\t\t<\/div>\n\t\t\t\t<div class=\"elementor-element elementor-element-e4101ab elementor-widget elementor-widget-html\" data-id=\"e4101ab\" data-element_type=\"widget\" data-e-type=\"widget\" data-widget_type=\"html.default\">\n\t\t\t\t<div class=\"elementor-widget-container\">\n\t\t\t\t\t<h2>XI - Modifications<\/h2><br\/>\n\n<p>Nous nous r\u00e9servons le droit, \u00e0 notre seule discr\u00e9tion, de modifier ou de remplacer ces conditions \u00e0 tout moment. Si une r\u00e9vision est importante, nous essaierons de fournir un pr\u00e9avis d'au moins 30 jours avant l'entr\u00e9e en vigueur de toute nouvelle condition. Ce qui constitue un changement important sera d\u00e9termin\u00e9 \u00e0 notre seule discr\u00e9tion.<\/p>\n<p>En continuant \u00e0 acc\u00e9der ou \u00e0 utiliser notre Service apr\u00e8s que ces r\u00e9visions soient entr\u00e9es en vigueur, vous acceptez d'\u00eatre li\u00e9 par les conditions r\u00e9vis\u00e9es. Si vous n'acceptez pas les nouvelles conditions, veuillez cesser d'utiliser le Service.<\/p>\n&nbsp;\t\t\t\t<\/div>\n\t\t\t\t<\/div>\n\t\t\t\t<div class=\"elementor-element elementor-element-c3f5836 elementor-widget elementor-widget-html\" data-id=\"c3f5836\" data-element_type=\"widget\" data-e-type=\"widget\" data-widget_type=\"html.default\">\n\t\t\t\t<div class=\"elementor-widget-container\">\n\t\t\t\t\t<h2>XII - Nous contacter<\/h2><br\/>\n\n<p>Si vous avez des questions sur nos Conditions d'Utilisation, veuillez <a href=\"\/fr\/contact\/\">contacte-nous<\/a>.<\/p>\n&nbsp;\t\t\t\t<\/div>\n\t\t\t\t<\/div>\n\t\t\t\t\t<\/div>\n\t\t<\/div>\n\t\t\t\t\t<\/div>\n\t\t<\/section>\n\t\t\t\t<\/div>","protected":false},"excerpt":{"rendered":"<p>Terms and Conditions Last updated: Please read these Terms of Use (&#8220;Terms&#8221;, &#8220;Terms of Use&#8221;, &#8220;Terms and Conditions&#8221;) carefully before using the website (the &#8220;Service&#8221;) operated by (&#8220;us&#8221;, &#8220;we&#8221;, or &#8220;our&#8221;). Your access to and use of the Service is conditioned on your acceptance of and compliance with these Terms. These Terms apply to all&hellip;&nbsp;<a href=\"https:\/\/studio.mouvements-modernes.eu\/fr\/terms-and-conditions\/\" rel=\"bookmark\">Lire la suite &raquo;<span class=\"screen-reader-text\">Conditions d'utilisation<\/span><\/a><\/p>","protected":false},"author":1,"featured_media":0,"parent":0,"menu_order":0,"comment_status":"closed","ping_status":"closed","template":"elementor_header_footer","meta":{"neve_meta_sidebar":"full-width","neve_meta_container":"","neve_meta_enable_content_width":"on","neve_meta_content_width":100,"neve_meta_title_alignment":"","neve_meta_author_avatar":"","neve_post_elements_order":"","neve_meta_disable_header":"","neve_meta_disable_footer":"","neve_meta_disable_title":"","footnotes":""},"class_list":["post-838","page","type-page","status-publish","hentry"],"_links":{"self":[{"href":"https:\/\/studio.mouvements-modernes.eu\/fr\/wp-json\/wp\/v2\/pages\/838","targetHints":{"allow":["GET"]}}],"collection":[{"href":"https:\/\/studio.mouvements-modernes.eu\/fr\/wp-json\/wp\/v2\/pages"}],"about":[{"href":"https:\/\/studio.mouvements-modernes.eu\/fr\/wp-json\/wp\/v2\/types\/page"}],"author":[{"embeddable":true,"href":"https:\/\/studio.mouvements-modernes.eu\/fr\/wp-json\/wp\/v2\/users\/1"}],"replies":[{"embeddable":true,"href":"https:\/\/studio.mouvements-modernes.eu\/fr\/wp-json\/wp\/v2\/comments?post=838"}],"version-history":[{"count":19,"href":"https:\/\/studio.mouvements-modernes.eu\/fr\/wp-json\/wp\/v2\/pages\/838\/revisions"}],"predecessor-version":[{"id":10019,"href":"https:\/\/studio.mouvements-modernes.eu\/fr\/wp-json\/wp\/v2\/pages\/838\/revisions\/10019"}],"wp:attachment":[{"href":"https:\/\/studio.mouvements-modernes.eu\/fr\/wp-json\/wp\/v2\/media?parent=838"}],"curies":[{"name":"wp","href":"https:\/\/api.w.org\/{rel}","templated":true}]}}