{"id":291,"date":"2020-04-23T01:05:31","date_gmt":"2020-04-23T01:05:31","guid":{"rendered":"https:\/\/studio.threewisemonkeys.club\/?page_id=291"},"modified":"2021-09-19T12:53:36","modified_gmt":"2021-09-19T10:53:36","slug":"user-guide","status":"publish","type":"page","link":"https:\/\/studio.mouvements-modernes.eu\/fr\/user-guide\/","title":{"rendered":"Mode d'emploi"},"content":{"rendered":"<div data-elementor-type=\"wp-page\" data-elementor-id=\"291\" class=\"elementor elementor-291\">\n\t\t\t\t\t\t<section class=\"elementor-section elementor-top-section elementor-element elementor-element-ca98fbe elementor-section-boxed elementor-section-height-default elementor-section-height-default\" data-id=\"ca98fbe\" data-element_type=\"section\" data-e-type=\"section\" data-settings=\"{&quot;background_background&quot;:&quot;classic&quot;}\">\n\t\t\t\t\t\t<div class=\"elementor-container elementor-column-gap-default\">\n\t\t\t\t\t<div class=\"elementor-column elementor-col-100 elementor-top-column elementor-element elementor-element-8d17731\" data-id=\"8d17731\" data-element_type=\"column\" data-e-type=\"column\">\n\t\t\t<div class=\"elementor-widget-wrap elementor-element-populated\">\n\t\t\t\t\t\t<div class=\"elementor-element elementor-element-2a3991e elementor-widget elementor-widget-spacer\" data-id=\"2a3991e\" data-element_type=\"widget\" data-e-type=\"widget\" data-widget_type=\"spacer.default\">\n\t\t\t\t<div class=\"elementor-widget-container\">\n\t\t\t\t\t\t\t<div class=\"elementor-spacer\">\n\t\t\t<div class=\"elementor-spacer-inner\"><\/div>\n\t\t<\/div>\n\t\t\t\t\t\t<\/div>\n\t\t\t\t<\/div>\n\t\t\t\t<div class=\"elementor-element elementor-element-7afc707 elementor-widget elementor-widget-heading\" data-id=\"7afc707\" data-element_type=\"widget\" data-e-type=\"widget\" data-widget_type=\"heading.default\">\n\t\t\t\t<div class=\"elementor-widget-container\">\n\t\t\t\t\t<h2 class=\"elementor-heading-title elementor-size-default\">Bienvenue dans le guide de l'utilisateur<\/h2>\t\t\t\t<\/div>\n\t\t\t\t<\/div>\n\t\t\t\t\t<\/div>\n\t\t<\/div>\n\t\t\t\t\t<\/div>\n\t\t<\/section>\n\t\t\t\t<section class=\"elementor-section elementor-top-section elementor-element elementor-element-c226da1 elementor-section-boxed elementor-section-height-default elementor-section-height-default\" data-id=\"c226da1\" data-element_type=\"section\" data-e-type=\"section\" data-settings=\"{&quot;background_background&quot;:&quot;classic&quot;}\">\n\t\t\t\t\t\t<div class=\"elementor-container elementor-column-gap-default\">\n\t\t\t\t\t<div class=\"elementor-column elementor-col-100 elementor-top-column elementor-element elementor-element-7211723\" data-id=\"7211723\" data-element_type=\"column\" data-e-type=\"column\">\n\t\t\t<div class=\"elementor-widget-wrap elementor-element-populated\">\n\t\t\t\t\t\t<section class=\"elementor-section elementor-inner-section elementor-element elementor-element-65bf368 elementor-section-boxed elementor-section-height-default elementor-section-height-default\" data-id=\"65bf368\" data-element_type=\"section\" data-e-type=\"section\" data-settings=\"{&quot;background_background&quot;:&quot;classic&quot;}\">\n\t\t\t\t\t\t<div class=\"elementor-container elementor-column-gap-default\">\n\t\t\t\t\t<div class=\"elementor-column elementor-col-100 elementor-inner-column elementor-element elementor-element-9849d69\" data-id=\"9849d69\" data-element_type=\"column\" data-e-type=\"column\">\n\t\t\t<div class=\"elementor-widget-wrap elementor-element-populated\">\n\t\t\t\t\t\t<div class=\"elementor-element elementor-element-069725a elementor-widget elementor-widget-heading\" data-id=\"069725a\" data-element_type=\"widget\" data-e-type=\"widget\" data-widget_type=\"heading.default\">\n\t\t\t\t<div class=\"elementor-widget-container\">\n\t\t\t\t\t<h2 class=\"elementor-heading-title elementor-size-default\">Vid\u00e9oth\u00e8que<\/h2>\t\t\t\t<\/div>\n\t\t\t\t<\/div>\n\t\t\t\t<div class=\"elementor-element elementor-element-8541bee elementor-widget elementor-widget-eael-adv-accordion\" data-id=\"8541bee\" data-element_type=\"widget\" data-e-type=\"widget\" data-widget_type=\"eael-adv-accordion.default\">\n\t\t\t\t<div class=\"elementor-widget-container\">\n\t\t\t\t\t            <div class=\"eael-adv-accordion\" id=\"eael-adv-accordion-8541bee\" data-scroll-on-click=\"no\" data-scroll-speed=\"300\" data-accordion-id=\"8541bee\" data-accordion-type=\"accordion\" data-toogle-speed=\"300\">\n            <div class=\"eael-accordion-list\">\n\t\t\t\t\t<div id=\"span-stylefont-family-georgia-serifquick-searchspan\" class=\"elementor-tab-title eael-accordion-header\" tabindex=\"0\" data-tab=\"1\" aria-controls=\"elementor-tab-content-1391\"><i aria-hidden=\"true\" class=\"fa-toggle fas fa-angle-right\"><\/i><span class=\"eael-accordion-tab-title\"><span style=\"font-family: georgia, serif\">Recherche rapide<\/span><\/span><\/div><div id=\"elementor-tab-content-1391\" class=\"eael-accordion-content clearfix\" data-tab=\"1\" aria-labelledby=\"span-stylefont-family-georgia-serifquick-searchspan\"><p style=\"text-align: justify;font-size: 20px\">S'il y a quelque chose de pr\u00e9cis qui vous vient \u00e0 l'esprit, comme un style, un nom de classe, une partie du corps ou une dur\u00e9e, la recherche rapide vous permet de taper un mot-cl\u00e9 qui affichera les cours qui correspondent \u00e0 votre crit\u00e8re. Voici les mot-cl\u00e9s que vous pouvez rechercher :<\/p>\n&nbsp;\n<p style=\"text-align: justify;font-size: 20px\"><span style=\"font-weight: bold\">Focus<\/span> : Abdomen, Adducteurs, Chevilles\/Pieds, Cou, Dos, \u00c9paules, Fessiers, Genoux, Hanches, Ischio-jambiers, Quadriceps, Poignets\/Mains, Respiration, Yeux<\/p>\n<p style=\"text-align: justify;font-size: 20px\"><span style=\"font-weight: bold\">Dur\u00e9es<\/span> : 5 min, 10 min, 15 min, 20 min, 25 min, 30 min, 35 min, 40 min, 45 min<\/p>\n<p style=\"text-align: justify;font-size: 20px\"><span style=\"font-weight: bold\">Styles<\/span> : Doux, Mod\u00e9r\u00e9, Actif, Technique<\/p>\n<p style=\"text-align: justify;font-size: 20px\"><span style=\"font-weight: bold\">Cours sans accessoire<\/span> : Sans accessoire<\/p>\n<p style=\"text-align: justify;font-size: 20px\"><span style=\"font-weight: bold\">Cours avec musique<\/span> : Musique<\/p>\n<p style=\"text-align: justify;font-size: 20px\">Vous pouvez \u00e9galement taper le nom d'un cours en particulier que vous recherchez.<\/p><\/div>\n\t\t\t\t\t<\/div><div class=\"eael-accordion-list\">\n\t\t\t\t\t<div id=\"span-stylefont-family-georgia-serifthe-different-stylesspan\" class=\"elementor-tab-title eael-accordion-header\" tabindex=\"0\" data-tab=\"2\" aria-controls=\"elementor-tab-content-1392\"><i aria-hidden=\"true\" class=\"fa-toggle fas fa-angle-right\"><\/i><span class=\"eael-accordion-tab-title\"><span style=\"font-family: georgia, serif\">Les diff\u00e9rents styles<\/span><\/span><\/div><div id=\"elementor-tab-content-1392\" class=\"eael-accordion-content clearfix\" data-tab=\"2\" aria-labelledby=\"span-stylefont-family-georgia-serifthe-different-stylesspan\"><p style=\"font-weight: bold;font-size: 20px\">\u2013 Doux<\/p>\n<p style=\"text-align: justify;font-size: 20px\">Dans les cours doux, tu resteras majoritairement au sol (assis ou couch\u00e9). Cette intensit\u00e9 n'implique pas une forte activation des muscles ni de mouvements a\u00e9robiques ; il s'agit plut\u00f4t de mouvements lents et contr\u00f4l\u00e9s, auto-massage et pratique de la pleine conscience.<\/p>\n&nbsp;\n<p style=\"font-weight: bold;font-size: 20px\">\u2013 Mod\u00e9r\u00e9<\/p>\n\n<p style=\"text-align: justify;font-size: 20px\">L'intensit\u00e9 mod\u00e9r\u00e9e commence \u00e0 puiser dans des mouvements plus dynamiques, en offrant un rythme accessible qui ne te fera pas perdre haleine. Un style mod\u00e9r\u00e9 peut pr\u00e9senter un d\u00e9fi \u00e0 relever sans forc\u00e9ment \u00eatre intense.<\/p>\n&nbsp;\n<p style=\"font-weight: bold;font-size: 20px\">&#8211; Active<\/p>\n\n<p style=\"text-align: justify;font-size: 20px\">Les classes actives ont pour but de b\u00e2tir force et endurance. Elles peuvent inclure des mouvements a\u00e9robiques, l'utilisation de poids, un engagement musculaire important ou tenir une pose plus longtemps, tout en incluant des options pour s'adapter \u00e0 ton corps.<\/p>\n&nbsp;\n<p style=\"font-weight: bold;font-size: 20px\">&#8211; Technique<\/p>\n\n<p style=\"text-align: justify;font-size: 20px\">Pour mieux comprendre un mouvement en particulier et explorer sa forme et ces composants, les vid\u00e9os \"technique\" te donnerons l'opportunit\u00e9 de (re)d\u00e9couvrir certaines fondations et te soutenir dans ton apprentissage.<\/p><\/div>\n\t\t\t\t\t<\/div><\/div>\t\t\t\t<\/div>\n\t\t\t\t<\/div>\n\t\t\t\t\t<\/div>\n\t\t<\/div>\n\t\t\t\t\t<\/div>\n\t\t<\/section>\n\t\t\t\t<div class=\"elementor-element elementor-element-0a7f5a5 elementor-widget elementor-widget-spacer\" data-id=\"0a7f5a5\" data-element_type=\"widget\" data-e-type=\"widget\" data-widget_type=\"spacer.default\">\n\t\t\t\t<div class=\"elementor-widget-container\">\n\t\t\t\t\t\t\t<div class=\"elementor-spacer\">\n\t\t\t<div class=\"elementor-spacer-inner\"><\/div>\n\t\t<\/div>\n\t\t\t\t\t\t<\/div>\n\t\t\t\t<\/div>\n\t\t\t\t\t<\/div>\n\t\t<\/div>\n\t\t\t\t\t<\/div>\n\t\t<\/section>\n\t\t\t\t<section class=\"elementor-section elementor-top-section elementor-element elementor-element-3f294e4 elementor-section-boxed elementor-section-height-default elementor-section-height-default\" data-id=\"3f294e4\" data-element_type=\"section\" data-e-type=\"section\" data-settings=\"{&quot;background_background&quot;:&quot;classic&quot;}\">\n\t\t\t\t\t\t<div class=\"elementor-container elementor-column-gap-default\">\n\t\t\t\t\t<div class=\"elementor-column elementor-col-100 elementor-top-column elementor-element elementor-element-940bf55\" data-id=\"940bf55\" data-element_type=\"column\" data-e-type=\"column\">\n\t\t\t<div class=\"elementor-widget-wrap elementor-element-populated\">\n\t\t\t\t\t\t<section class=\"elementor-section elementor-inner-section elementor-element elementor-element-8e1b44b elementor-section-boxed elementor-section-height-default elementor-section-height-default\" data-id=\"8e1b44b\" data-element_type=\"section\" data-e-type=\"section\" data-settings=\"{&quot;background_background&quot;:&quot;classic&quot;}\">\n\t\t\t\t\t\t<div class=\"elementor-container elementor-column-gap-default\">\n\t\t\t\t\t<div class=\"elementor-column elementor-col-100 elementor-inner-column elementor-element elementor-element-607adaa\" data-id=\"607adaa\" data-element_type=\"column\" data-e-type=\"column\">\n\t\t\t<div class=\"elementor-widget-wrap elementor-element-populated\">\n\t\t\t\t\t\t<div class=\"elementor-element elementor-element-be3bd94 elementor-widget elementor-widget-heading\" data-id=\"be3bd94\" data-element_type=\"widget\" data-e-type=\"widget\" data-widget_type=\"heading.default\">\n\t\t\t\t<div class=\"elementor-widget-container\">\n\t\t\t\t\t<h2 class=\"elementor-heading-title elementor-size-default\">Tableau de bord<\/h2>\t\t\t\t<\/div>\n\t\t\t\t<\/div>\n\t\t\t\t<div class=\"elementor-element elementor-element-0f7535c elementor-widget elementor-widget-html\" data-id=\"0f7535c\" data-element_type=\"widget\" data-e-type=\"widget\" data-widget_type=\"html.default\">\n\t\t\t\t<div class=\"elementor-widget-container\">\n\t\t\t\t\t<p style=\"text-align: justify; font-size: 20px;\">L'objectif du tableau de bord est de t'offrir une s\u00e9lection organis\u00e9e de vid\u00e9os, changeant r\u00e9guli\u00e8rement, pour te tenir inform\u00e9.e des nouveaut\u00e9s et t'inspirer \u00e0 pratiquer un cours que tu n'aurais peut-\u00eatre pas encore essay\u00e9.<\/p>\t\t\t\t<\/div>\n\t\t\t\t<\/div>\n\t\t\t\t<div class=\"elementor-element elementor-element-f327380 elementor-widget elementor-widget-eael-adv-accordion\" data-id=\"f327380\" data-element_type=\"widget\" data-e-type=\"widget\" data-widget_type=\"eael-adv-accordion.default\">\n\t\t\t\t<div class=\"elementor-widget-container\">\n\t\t\t\t\t            <div class=\"eael-adv-accordion\" id=\"eael-adv-accordion-f327380\" data-scroll-on-click=\"no\" data-scroll-speed=\"300\" data-accordion-id=\"f327380\" data-accordion-type=\"accordion\" data-toogle-speed=\"300\">\n            <div class=\"eael-accordion-list\">\n\t\t\t\t\t<div id=\"span-stylefont-family-georgia-serifnew-this-weekspan\" class=\"elementor-tab-title eael-accordion-header\" tabindex=\"0\" data-tab=\"1\" aria-controls=\"elementor-tab-content-2541\"><i aria-hidden=\"true\" class=\"fa-toggle fas fa-angle-right\"><\/i><span class=\"eael-accordion-tab-title\"><span style=\"font-family: georgia, serif\">Nouveaut\u00e9 de la semaine<\/span><\/span><\/div><div id=\"elementor-tab-content-2541\" class=\"eael-accordion-content clearfix\" data-tab=\"1\" aria-labelledby=\"span-stylefont-family-georgia-serifnew-this-weekspan\"><p style=\"text-align: justify;font-size: 20px\">Chaque semaine, un nouveau cours sera publi\u00e9 et affich\u00e9 en avant-premi\u00e8re dans cette section.<\/p><\/div>\n\t\t\t\t\t<\/div><div class=\"eael-accordion-list\">\n\t\t\t\t\t<div id=\"span-stylefont-family-georgia-serifplaylistsspan\" class=\"elementor-tab-title eael-accordion-header\" tabindex=\"0\" data-tab=\"2\" aria-controls=\"elementor-tab-content-2542\"><i aria-hidden=\"true\" class=\"fa-toggle fas fa-angle-right\"><\/i><span class=\"eael-accordion-tab-title\"><span style=\"font-family: georgia, serif\">Playlists<\/span><\/span><\/div><div id=\"elementor-tab-content-2542\" class=\"eael-accordion-content clearfix\" data-tab=\"2\" aria-labelledby=\"span-stylefont-family-georgia-serifplaylistsspan\"><p style=\"text-align: justify;font-size: 20px\">Playlists aim to help you organize your practice within the Virtual Studio so that you can use them as programs &#8211; for instance, completing one playlist every week or every month &#8211; and\/or work on a particular skillset.<\/p><\/div>\n\t\t\t\t\t<\/div><div class=\"eael-accordion-list\">\n\t\t\t\t\t<div id=\"span-stylefont-family-georgia-serifmost-popularspan\" class=\"elementor-tab-title eael-accordion-header\" tabindex=\"0\" data-tab=\"3\" aria-controls=\"elementor-tab-content-2543\"><i aria-hidden=\"true\" class=\"fa-toggle fas fa-angle-right\"><\/i><span class=\"eael-accordion-tab-title\"><span style=\"font-family: georgia, serif\">Les plus populaires<\/span><\/span><\/div><div id=\"elementor-tab-content-2543\" class=\"eael-accordion-content clearfix\" data-tab=\"3\" aria-labelledby=\"span-stylefont-family-georgia-serifmost-popularspan\"><p style=\"text-align: justify;font-size: 20px\">Une s\u00e9lection de trois vid\u00e9os mettant en avant les plus vues par la communaut\u00e9.<\/p><\/div>\n\t\t\t\t\t<\/div><\/div>\t\t\t\t<\/div>\n\t\t\t\t<\/div>\n\t\t\t\t\t<\/div>\n\t\t<\/div>\n\t\t\t\t\t<\/div>\n\t\t<\/section>\n\t\t\t\t<div class=\"elementor-element elementor-element-5552f57 elementor-widget elementor-widget-spacer\" data-id=\"5552f57\" data-element_type=\"widget\" data-e-type=\"widget\" data-widget_type=\"spacer.default\">\n\t\t\t\t<div class=\"elementor-widget-container\">\n\t\t\t\t\t\t\t<div class=\"elementor-spacer\">\n\t\t\t<div class=\"elementor-spacer-inner\"><\/div>\n\t\t<\/div>\n\t\t\t\t\t\t<\/div>\n\t\t\t\t<\/div>\n\t\t\t\t\t<\/div>\n\t\t<\/div>\n\t\t\t\t\t<\/div>\n\t\t<\/section>\n\t\t\t\t<section class=\"elementor-section elementor-top-section elementor-element elementor-element-d3dcf9f elementor-section-boxed elementor-section-height-default elementor-section-height-default\" data-id=\"d3dcf9f\" data-element_type=\"section\" data-e-type=\"section\" data-settings=\"{&quot;background_background&quot;:&quot;classic&quot;}\">\n\t\t\t\t\t\t<div class=\"elementor-container elementor-column-gap-default\">\n\t\t\t\t\t<div class=\"elementor-column elementor-col-100 elementor-top-column elementor-element elementor-element-66b15f2\" data-id=\"66b15f2\" data-element_type=\"column\" data-e-type=\"column\">\n\t\t\t<div class=\"elementor-widget-wrap elementor-element-populated\">\n\t\t\t\t\t\t<section class=\"elementor-section elementor-inner-section elementor-element elementor-element-e1db4f6 elementor-section-boxed elementor-section-height-default elementor-section-height-default\" data-id=\"e1db4f6\" data-element_type=\"section\" data-e-type=\"section\" data-settings=\"{&quot;background_background&quot;:&quot;classic&quot;}\">\n\t\t\t\t\t\t<div class=\"elementor-container elementor-column-gap-default\">\n\t\t\t\t\t<div class=\"elementor-column elementor-col-100 elementor-inner-column elementor-element elementor-element-0cae025\" data-id=\"0cae025\" data-element_type=\"column\" data-e-type=\"column\">\n\t\t\t<div class=\"elementor-widget-wrap elementor-element-populated\">\n\t\t\t\t\t\t<div class=\"elementor-element elementor-element-ca804ac elementor-widget elementor-widget-heading\" data-id=\"ca804ac\" data-element_type=\"widget\" data-e-type=\"widget\" data-widget_type=\"heading.default\">\n\t\t\t\t<div class=\"elementor-widget-container\">\n\t\t\t\t\t<h2 class=\"elementor-heading-title elementor-size-default\">Alternative aux accessoires<\/h2>\t\t\t\t<\/div>\n\t\t\t\t<\/div>\n\t\t\t\t<div class=\"elementor-element elementor-element-1712ff4 elementor-widget elementor-widget-eael-adv-accordion\" data-id=\"1712ff4\" data-element_type=\"widget\" data-e-type=\"widget\" data-widget_type=\"eael-adv-accordion.default\">\n\t\t\t\t<div class=\"elementor-widget-container\">\n\t\t\t\t\t            <div class=\"eael-adv-accordion\" id=\"eael-adv-accordion-1712ff4\" data-scroll-on-click=\"no\" data-scroll-speed=\"300\" data-accordion-id=\"1712ff4\" data-accordion-type=\"accordion\" data-toogle-speed=\"300\">\n            <div class=\"eael-accordion-list\">\n\t\t\t\t\t<div id=\"span-stylefont-family-georgia-serifyoga-blockspan\" class=\"elementor-tab-title eael-accordion-header\" tabindex=\"0\" data-tab=\"1\" aria-controls=\"elementor-tab-content-2411\"><i aria-hidden=\"true\" class=\"fa-toggle fas fa-angle-right\"><\/i><span class=\"eael-accordion-tab-title\"><span style=\"font-family: georgia, serif\">Brique de yoga<\/span><\/span><\/div><div id=\"elementor-tab-content-2411\" class=\"eael-accordion-content clearfix\" data-tab=\"1\" aria-labelledby=\"span-stylefont-family-georgia-serifyoga-blockspan\"><p style=\"text-align: justify;font-size: 20px\">Les livres \u00e9pais sont une tr\u00e8s bonne alternative aux briques de yoga. Dans la plupart des classes, vous pourrez utiliser un livre au lieu d'une brique. Par exemple, lorsque l'on fait tenir une brique en \u00e9quilibre sur la main ou le pied, vous pouvez utiliser un livre ou n'importe quel objet qui ne craint pas de tomber. Lorsque l'on s'assoit sur une brique, vous pouvez utiliser une pile de livres ou coussins.<\/p><\/div>\n\t\t\t\t\t<\/div><div class=\"eael-accordion-list\">\n\t\t\t\t\t<div id=\"span-stylefont-family-georgia-serifbolsterspan\" class=\"elementor-tab-title eael-accordion-header\" tabindex=\"0\" data-tab=\"2\" aria-controls=\"elementor-tab-content-2412\"><i aria-hidden=\"true\" class=\"fa-toggle fas fa-angle-right\"><\/i><span class=\"eael-accordion-tab-title\"><span style=\"font-family: georgia, serif\">Bolster<\/span><\/span><\/div><div id=\"elementor-tab-content-2412\" class=\"eael-accordion-content clearfix\" data-tab=\"2\" aria-labelledby=\"span-stylefont-family-georgia-serifbolsterspan\"><p style=\"text-align: justify;font-size: 20px\">Nous utilisons souvent un bolster pour avoir un peu plus d\u2019\u00e9l\u00e9vation ou offrir plus de confort pour le corps. N'importe quel coussin, tas de coussins ou couvertures peuvent \u00e9galement fonctionner \u00e0 merveille.<\/p><\/div>\n\t\t\t\t\t<\/div><div class=\"eael-accordion-list\">\n\t\t\t\t\t<div id=\"span-stylefont-family-georgia-serifblanketspan\" class=\"elementor-tab-title eael-accordion-header\" tabindex=\"0\" data-tab=\"3\" aria-controls=\"elementor-tab-content-2413\"><i aria-hidden=\"true\" class=\"fa-toggle fas fa-angle-right\"><\/i><span class=\"eael-accordion-tab-title\"><span style=\"font-family: georgia, serif\">Couverture<\/span><\/span><\/div><div id=\"elementor-tab-content-2413\" class=\"eael-accordion-content clearfix\" data-tab=\"3\" aria-labelledby=\"span-stylefont-family-georgia-serifblanketspan\"><p style=\"text-align: justify;font-size: 20px\">Lorsqu'il s'agit d'utiliser une couverture pour glisser, si vous avez un sol lisse, vous pouvez utiliser \u00e0 la place une serviette, des chaussettes, ou tout autre tissu. Lorsqu'il s'agit d'utiliser une couverture pour plus de confort et support, un coussin fonctionnera \u00e0 merveille.<\/p><\/div>\n\t\t\t\t\t<\/div><div class=\"eael-accordion-list\">\n\t\t\t\t\t<div id=\"span-stylefont-family-georgia-serifstrapspan\" class=\"elementor-tab-title eael-accordion-header\" tabindex=\"0\" data-tab=\"4\" aria-controls=\"elementor-tab-content-2414\"><i aria-hidden=\"true\" class=\"fa-toggle fas fa-angle-right\"><\/i><span class=\"eael-accordion-tab-title\"><span style=\"font-family: georgia, serif\">Sangle<\/span><\/span><\/div><div id=\"elementor-tab-content-2414\" class=\"eael-accordion-content clearfix\" data-tab=\"4\" aria-labelledby=\"span-stylefont-family-georgia-serifstrapspan\"><p style=\"text-align: justify;font-size: 20px\">Pour remplacer une sangle, utiliser une ceinture, un foulard, une serviette ou tissu assez long fera l'affaire. Si tu as des bandes \u00e9lastiques type Pilates, elles peuvent aussi remplacer les sangles.<\/p><\/div>\n\t\t\t\t\t<\/div><div class=\"eael-accordion-list\">\n\t\t\t\t\t<div id=\"span-stylefont-family-georgia-serifweightspan\" class=\"elementor-tab-title eael-accordion-header\" tabindex=\"0\" data-tab=\"5\" aria-controls=\"elementor-tab-content-2415\"><i aria-hidden=\"true\" class=\"fa-toggle fas fa-angle-right\"><\/i><span class=\"eael-accordion-tab-title\"><span style=\"font-family: georgia, serif\">Poids<\/span><\/span><\/div><div id=\"elementor-tab-content-2415\" class=\"eael-accordion-content clearfix\" data-tab=\"5\" aria-labelledby=\"span-stylefont-family-georgia-serifweightspan\"><p style=\"text-align: justify;font-size: 20px\">Un sac ou sac-\u00e0-dos est une bonne alternative aux poids, car tu peux le remplir avec n'importe quel objet qui tra\u00eene dans la maison et adapter la charge \u00e0 tes besoins. Une bouteille peut aussi faire l'affaire, car tu peux \u00e9galement la remplir avec plus ou moins de liquide.<\/p><\/div>\n\t\t\t\t\t<\/div><\/div>\t\t\t\t<\/div>\n\t\t\t\t<\/div>\n\t\t\t\t\t<\/div>\n\t\t<\/div>\n\t\t\t\t\t<\/div>\n\t\t<\/section>\n\t\t\t\t\t<\/div>\n\t\t<\/div>\n\t\t\t\t\t<\/div>\n\t\t<\/section>\n\t\t\t\t<\/div>","protected":false},"excerpt":{"rendered":"<p>Welcome to the user guide Videotheque Quick search If there&#8217;s something specific that you have in mind, such a style, a class name, a body part or a duration, the quick search allows you to type a keyword and it will show you the classes matching your criteria. Here are the keywords you can search&hellip;&nbsp;<a href=\"https:\/\/studio.mouvements-modernes.eu\/fr\/user-guide\/\" rel=\"bookmark\">Lire la suite &raquo;<span class=\"screen-reader-text\">Mode d'emploi<\/span><\/a><\/p>","protected":false},"author":1,"featured_media":0,"parent":0,"menu_order":0,"comment_status":"closed","ping_status":"closed","template":"elementor_header_footer","meta":{"neve_meta_sidebar":"full-width","neve_meta_container":"","neve_meta_enable_content_width":"on","neve_meta_content_width":100,"neve_meta_title_alignment":"","neve_meta_author_avatar":"","neve_post_elements_order":"","neve_meta_disable_header":"","neve_meta_disable_footer":"","neve_meta_disable_title":"","footnotes":""},"class_list":["post-291","page","type-page","status-publish","hentry"],"_links":{"self":[{"href":"https:\/\/studio.mouvements-modernes.eu\/fr\/wp-json\/wp\/v2\/pages\/291","targetHints":{"allow":["GET"]}}],"collection":[{"href":"https:\/\/studio.mouvements-modernes.eu\/fr\/wp-json\/wp\/v2\/pages"}],"about":[{"href":"https:\/\/studio.mouvements-modernes.eu\/fr\/wp-json\/wp\/v2\/types\/page"}],"author":[{"embeddable":true,"href":"https:\/\/studio.mouvements-modernes.eu\/fr\/wp-json\/wp\/v2\/users\/1"}],"replies":[{"embeddable":true,"href":"https:\/\/studio.mouvements-modernes.eu\/fr\/wp-json\/wp\/v2\/comments?post=291"}],"version-history":[{"count":37,"href":"https:\/\/studio.mouvements-modernes.eu\/fr\/wp-json\/wp\/v2\/pages\/291\/revisions"}],"predecessor-version":[{"id":10810,"href":"https:\/\/studio.mouvements-modernes.eu\/fr\/wp-json\/wp\/v2\/pages\/291\/revisions\/10810"}],"wp:attachment":[{"href":"https:\/\/studio.mouvements-modernes.eu\/fr\/wp-json\/wp\/v2\/media?parent=291"}],"curies":[{"name":"wp","href":"https:\/\/api.w.org\/{rel}","templated":true}]}}