{"id":1460,"date":"2020-06-05T05:47:07","date_gmt":"2020-06-05T05:47:07","guid":{"rendered":"https:\/\/studio.threewisemonkeys.club\/?page_id=1460"},"modified":"2021-05-31T09:33:15","modified_gmt":"2021-05-31T07:33:15","slug":"privacy-policy","status":"publish","type":"page","link":"https:\/\/studio.mouvements-modernes.eu\/fr\/privacy-policy\/","title":{"rendered":"Politique de confidentialit\u00e9"},"content":{"rendered":"<div data-elementor-type=\"wp-page\" data-elementor-id=\"1460\" class=\"elementor elementor-1460\">\n\t\t\t\t\t\t<section class=\"elementor-section elementor-top-section elementor-element elementor-element-44a31260 elementor-section-boxed elementor-section-height-default elementor-section-height-default\" data-id=\"44a31260\" data-element_type=\"section\" data-e-type=\"section\" data-settings=\"{&quot;background_background&quot;:&quot;classic&quot;}\">\n\t\t\t\t\t\t<div class=\"elementor-container elementor-column-gap-default\">\n\t\t\t\t\t<div class=\"elementor-column elementor-col-100 elementor-top-column elementor-element elementor-element-4d7e517c\" data-id=\"4d7e517c\" data-element_type=\"column\" data-e-type=\"column\">\n\t\t\t<div class=\"elementor-widget-wrap elementor-element-populated\">\n\t\t\t\t\t\t<div class=\"elementor-element elementor-element-f280a65 elementor-widget elementor-widget-heading\" data-id=\"f280a65\" data-element_type=\"widget\" data-e-type=\"widget\" data-widget_type=\"heading.default\">\n\t\t\t\t<div class=\"elementor-widget-container\">\n\t\t\t\t\t<h2 class=\"elementor-heading-title elementor-size-default\"><p style=\"font-family: georgia, serif;font-style: italic\">Politique de confidentialit\u00e9<\/p><\/h2>\t\t\t\t<\/div>\n\t\t\t\t<\/div>\n\t\t\t\t<div class=\"elementor-element elementor-element-749cbd46 elementor-widget elementor-widget-text-editor\" data-id=\"749cbd46\" data-element_type=\"widget\" data-e-type=\"widget\" data-widget_type=\"text-editor.default\">\n\t\t\t\t<div class=\"elementor-widget-container\">\n\t\t\t\t\t\t\t\t\t\n<p>Last updated: mai 31, 2021<\/p>\n<p>\u00a0<\/p>\n\n<h2 class=\"wp-block-heading\">Vue d'ensemble<\/h2>\n\n<p>Cette page a pour but de vous tenir inform\u00e9 de notre politique concernant la collecte, utilisation et divulgation de vos Informations Personnelles lorsque vous utilisez notre Service.<\/p>\n\n<p>En utilisant le Service, vous acceptez la collecte et l'utilisation d'informations conform\u00e9ment \u00e0 cette politique. Sauf indication contraire dans cette politique de confidentialit\u00e9, les termes utilis\u00e9s ont la m\u00eame signification que dans nos conditions g\u00e9n\u00e9rales, accessibles \u00e0 l'adresse https:\/\/studio.threewisemonkeys.club<\/p>\n\n<p>Aucune information \u00e9nonc\u00e9e dans cette politique de confidentialit\u00e9 n'est partag\u00e9e ni vendue \u00e0 une personne ou entit\u00e9.<\/p>\n<p>\u00a0<\/p>\n\n<h2 class=\"wp-block-heading\">I - Qui nous sommes<\/h2>\n\n<p>No\u00e9mie Cl\u00e9menceau (\u201cnous\u201d, ou \u201cnotre\u201d) op\u00e8re le site https:\/\/studio.threewisemonkeys.club (the \u201cService\u201d).<\/p>\n<p>\u00a0<\/p>\n\n<h2 class=\"wp-block-heading\">II - Quelles donn\u00e9es personnelles nous collectons et pourquoi nous les collectons<\/h2>\n\n<p>Pour pouvoir utiliser le Service, vous devez cr\u00e9er un compte et fournir des informations personnelles afin de l'utiliser. Les informations r\u00e9pertori\u00e9es ci-dessous sont conserv\u00e9es ind\u00e9finiment, sauf si vous d\u00e9cidez de les modifier ou de les supprimer.<\/p>\n\n<h3 class=\"wp-block-heading\">Adresse e-mail<\/h3>\n\n<p>Votre adresse e-mail sera notre moyen de communication si nous devons vous contacter, ou nous permettre de vous r\u00e9pondre et d'identifier votre compte en cas de probl\u00e8me. Cette adresse e-mail sera votre seul moyen de r\u00e9cup\u00e9rer votre mot de passe si vous l'avez perdu.<\/p>\n\n<h3 class=\"wp-block-heading\">Nom<\/h3>\n\n<p>Lorsque vous cr\u00e9ez un compte chez nous, vous avez la possibilit\u00e9 de fournir votre nom. Cependant, ceci n'est pas obligatoire ; seul un nom d'utilisateur sera n\u00e9cessaire pour acc\u00e9der \u00e0 votre compte. Votre nom est utilis\u00e9 pour am\u00e9liorer votre exp\u00e9rience lors de l'utilisation de notre site Web. Vous verrez votre nom affich\u00e9 dans le \"Tableau de bord\" et dans \"Mon compte\". Vous n'avez pas \u00e0 fournir votre vrai nom, vous pouvez simplement utiliser un nom d'utilisateur.<\/p>\n\n<h3 class=\"wp-block-heading\">Commentaires<\/h3>\n\n<p>Lorsque les visiteurs laissent des commentaires sur le site, nous collectons les donn\u00e9es affich\u00e9es dans le formulaire de commentaires, ainsi que l'adresse IP du visiteur et la cha\u00eene d'agent utilisateur du navigateur pour aider \u00e0 la d\u00e9tection du spam.<\/p>\n\n<p>Une cha\u00eene anonymis\u00e9e cr\u00e9\u00e9e \u00e0 partir de votre adresse e-mail (\u00e9galement appel\u00e9e \"hash\") peut \u00eatre fournie au service Gravatar pour voir si vous l'utilisez. La politique de confidentialit\u00e9 du service Gravatar est disponible ici: https:\/\/automattic.com\/privacy\/. Apr\u00e8s approbation de votre commentaire, votre photo de profil est visible au public dans le cadre de votre commentaire.<\/p>\n\n<h3 class=\"wp-block-heading\">Media<\/h3>\n\n<p>Si vous t\u00e9l\u00e9chargez des images sur le site Web, vous devez \u00e9viter de t\u00e9l\u00e9charger des images avec des donn\u00e9es de localisation int\u00e9gr\u00e9es (EXIF GPS) incluses. Les visiteurs du site Web peuvent t\u00e9l\u00e9charger et extraire toutes les donn\u00e9es de localisation des images sur le site Web.<\/p>\n\n<h3 class=\"wp-block-heading\">Contenu du forum<\/h3>\n\n<ul class=\"wp-block-list\">\n<li>Messages<\/li>\n<\/ul>\n\n<p>Si vous utilisez le forum, les messages que vous publierez y resteront - \u00e0 moins que vous ne les supprimiez ou qu'ils ne respectent pas nos conditions g\u00e9n\u00e9rales, auquel cas nous les supprimerons. Ces messages restent sur le forum et ne sont utilis\u00e9s que pour dialoguer avec la communaut\u00e9.<\/p>\n\n<ul class=\"wp-block-list\">\n<li>Information du profil<\/li>\n<\/ul>\n\n<p>Les informations que vous d\u00e9ciderez de fournir dans votre profil de forum, telles que votre nom affich\u00e9, votre avatar, votre biographie, votre site Web, votre profession et vos liens vers vos r\u00e9seaux sociaux, seront visibles pour les autres utilisateurs. Ce ne sont pas des informations obligatoires, vous pouvez laisser les champs vides. Le but de fournir ces informations est d'am\u00e9liorer l'exp\u00e9rience communautaire et d'aider les gens \u00e0 mieux vous conna\u00eetre et \u00e0 vous suivre sur d'autres plateformes.<\/p>\n\n<ul class=\"wp-block-list\">\n<li>Activit\u00e9<\/li>\n<\/ul>\n\n<p>Votre activit\u00e9 sur le forum sera visible par les autres utilisateurs.<\/p>\n\n<h3 class=\"wp-block-heading\">Formulaires de contact<\/h3>\n\n<p>When you are contacting us via the contact forms embedded on our website, you&#8217;re required to provide your name and email address so that we can get back to you and identify your account if you opened one with us. We&#8217;re not holding on to the messages we answered; they are deleted once the conversation between us comes to a closure.<\/p>\n<p>\u00a0<\/p>\n\n<h2 class=\"wp-block-heading\">III &#8211; Cookies<\/h2>\n\n<p>Si vous laissez un commentaire sur notre site, vous pouvez choisir d'enregistrer votre nom, votre adresse e-mail et votre site Web dans des cookies. Ce sont pour votre commodit\u00e9 afin que vous n'ayez pas \u00e0 saisir \u00e0 nouveau vos coordonn\u00e9es lorsque vous laissez un autre commentaire. Ces cookies dureront un an.<\/p>\n\n<p>Si vous visitez notre page de connexion, nous installerons un cookie temporaire pour d\u00e9terminer si votre navigateur accepte les cookies. Ce cookie ne contient aucune donn\u00e9e personnelle et est supprim\u00e9 lorsque vous fermez votre navigateur.<\/p>\n\n<p>Lorsque vous vous connectez, nous installons \u00e9galement plusieurs cookies pour enregistrer vos informations de connexion et vos choix d'affichage \u00e0 l'\u00e9cran. Les cookies de connexion durent deux jours et les cookies d'options d'\u00e9cran durent un an. Si vous s\u00e9lectionnez \u00abSe souvenir de moi\u00bb, votre connexion persistera pendant deux semaines. Si vous vous d\u00e9connectez de votre compte, les cookies de connexion seront supprim\u00e9s.<\/p>\n\n<p>Si vous modifiez ou publiez un article, un cookie suppl\u00e9mentaire sera enregistr\u00e9 dans votre navigateur. Ce cookie ne contient aucune donn\u00e9e personnelle et indique simplement l'identifiant de l'article que vous venez de modifier. Il expire apr\u00e8s 1 jour.<\/p>\n<p>\u00a0<\/p>\n\n<h2 class=\"wp-block-heading\">IV - Contenu int\u00e9gr\u00e9 provenant de sites tiers<\/h2>\n\n<p>Les articles de ce site peuvent inclure du contenu int\u00e9gr\u00e9 (par exemple, des vid\u00e9os, des images, des articles, etc.). Le contenu int\u00e9gr\u00e9 provenant d'autres sites Web se comporte exactement de la m\u00eame mani\u00e8re que si le visiteur avait visit\u00e9 l'autre site Web.<\/p>\n\n<p>Ces sites Web peuvent collecter des donn\u00e9es sur vous, utiliser des cookies, int\u00e9grer un suivi tiers suppl\u00e9mentaire et surveiller votre interaction avec ce contenu int\u00e9gr\u00e9, y compris le suivi de votre interaction avec le contenu int\u00e9gr\u00e9 si vous avez un compte et \u00eates connect\u00e9 \u00e0 ce site Web.<\/p>\n<p>\u00a0<\/p>\n\n<h2 class=\"wp-block-heading\">V - Statistiques<\/h2>\n\n<p>Jetpack Analytics (https:\/\/jetpack.com\/support\/privacy\/) et Cloudflare (https:\/\/www.cloudflare.com\/privacypolicy\/) collectent les informations que votre navigateur envoie chaque fois que vous visitez notre service (\u00abDonn\u00e9es de journal\u00bb). Ces donn\u00e9es de journal peuvent inclure des informations telles que l'adresse IP (Internet Protocol) de votre ordinateur, le type de navigateur, la version du navigateur, les pages de notre service que vous visitez, l'heure et la date de votre visite, le pays d'o\u00f9 la demande est envoy\u00e9e.<\/p>\n\n<p>L'interface int\u00e9gr\u00e9e de WordPress nous permet de voir la date \u00e0 laquelle vous avez cr\u00e9\u00e9 votre compte, la derni\u00e8re fois que vous vous \u00eates connect\u00e9 \u00e0 votre compte et vous combien de fois vous vous \u00eates connect\u00e9 \u00e0 votre compte depuis le jour de sa cr\u00e9ation. Ces informations nous aident \u00e0 \u00e9tablir des statistiques sur la fr\u00e9quence \u00e0 laquelle nos utilisateurs utilisent le Service.<\/p>\n\n<p>\u00a0<\/p>\n\n<h2 class=\"wp-block-heading\">VI - Quels services tiers nous utilisons<\/h2>\n\n<p>Ces tiers peuvent avoir acc\u00e8s \u00e0 vos informations personnelles uniquement pour effectuer ces t\u00e2ches en notre nom et sont tenus de ne pas les divulguer ou de les utiliser \u00e0 d'autres fins.<\/p>\n\n<h3 class=\"wp-block-heading\">Stripe<\/h3>\n\n<p>Pour traiter votre paiement par carte de cr\u00e9dit, nous utilisons un syst\u00e8me s\u00e9curis\u00e9 fourni par Stripe. Lorsque vous saisissez les informations de votre carte de cr\u00e9dit sur notre site Web, nous ne pouvons en aucun cas y acc\u00e9der - toutes les informations passent par le syst\u00e8me de Stripe. Pour en savoir plus sur Stripe, sa politique de confidentialit\u00e9 et la mani\u00e8re dont il traite vos donn\u00e9es, rendez-vous sur https:\/\/stripe.com\/fr\/privacy\/<\/p>\n<p>\u00a0<\/p>\n\n<h2 class=\"wp-block-heading\">V - Liens vers des sites tiers<\/h2>\n\n<p>Notre service peut contenir des liens vers d'autres sites qui ne sont pas exploit\u00e9s par nous. Si vous cliquez sur un lien tiers, vous serez dirig\u00e9 vers le site de ce tiers. Nous vous conseillons fortement de consulter la politique de confidentialit\u00e9 de chaque site que vous visitez.<\/p>\n\n<p>Nous n'avons aucun contr\u00f4le sur, et n'assumons aucune responsabilit\u00e9 pour le contenu, les politiques de confidentialit\u00e9 ou les pratiques de tout site ou service tiers.<\/p>\n\n<p>\u00a0<\/p>\n\n<h2 class=\"wp-block-heading\">VI - Dur\u00e9e de conservation de vos donn\u00e9es<\/h2>\n\n<p>Si vous laissez un commentaire, le commentaire et ses m\u00e9tadonn\u00e9es sont conserv\u00e9s ind\u00e9finiment. Nous pouvons ainsi reconna\u00eetre et approuver automatiquement tous les commentaires de suivi au lieu de les conserver dans une file d'attente de mod\u00e9ration.<\/p>\n\n<p>Pour les utilisateurs qui s'inscrivent sur notre site Web (le cas \u00e9ch\u00e9ant), nous stockons \u00e9galement les informations personnelles qu'ils fournissent dans leur profil d'utilisateur. Tous les utilisateurs peuvent voir, modifier ou supprimer leurs informations personnelles \u00e0 tout moment (sauf qu'ils ne peuvent pas changer leur nom d'utilisateur). Les administrateurs de sites Web peuvent \u00e9galement voir et modifier ces informations.<\/p>\n\n<p>\u00a0<\/p>\n\n<h2 class=\"wp-block-heading\">VII - Vos droits quant \u00e0 donn\u00e9es personnelles<\/h2>\n\n<p>Si vous avez un compte sur ce site, ou avez laiss\u00e9 des commentaires, vous pouvez demander \u00e0 recevoir un fichier export\u00e9 des donn\u00e9es personnelles que nous d\u00e9tenons \u00e0 votre sujet, y compris toutes les donn\u00e9es que vous nous avez fournies. Vous pouvez \u00e9galement demander que nous effacions toutes les donn\u00e9es personnelles que nous d\u00e9tenons \u00e0 votre sujet. Cela n'inclut pas les donn\u00e9es que nous sommes oblig\u00e9s de conserver \u00e0 des fins administratives, juridiques ou de s\u00e9curit\u00e9.<\/p>\n\n<p>\u00a0<\/p>\n\n<h2 class=\"wp-block-heading\">VIII - O\u00f9 est-ce que nous envoyons vos donn\u00e9es<\/h2>\n\n<p>Les commentaires des visiteurs peuvent \u00eatre v\u00e9rifi\u00e9s via un service de d\u00e9tection de spam automatis\u00e9.<\/p>\n\n<p>\u00a0<\/p>\n\n<h2 class=\"wp-block-heading\">IX - Politique de confidentialit\u00e9 des enfants<\/h2>\n\n<p>Our Service does not address anyone under the age of 16 (&#8220;Children&#8221;).<\/p>\n\n<p>Nous ne collectons pas sciemment d'informations personnelles identifiables d'enfants de moins de 18 ans. Si vous \u00eates un parent ou un tuteur et que vous savez que votre enfant nous a fourni des Informations personnelles, veuillez nous contacter. Si nous d\u00e9couvrons qu'un enfant de moins de 18 ans nous a fourni des informations personnelles, nous supprimerons imm\u00e9diatement ces informations de nos serveurs.<\/p>\n<p>\u00a0<\/p>\n\n<h2 class=\"wp-block-heading\">X - Conformit\u00e9 aux lois<\/h2>\n\n<p>Nous divulguerons vos informations personnelles lorsque cela est requis par la loi ou une assignation.<\/p>\n<p>\u00a0<\/p>\n\n<h2 class=\"wp-block-heading\">XI - Changements de cette politique de confidentialit\u00e9<\/h2>\n\n<p>Nous pouvons mettre \u00e0 jour notre politique de confidentialit\u00e9 de temps \u00e0 autres. Nous vous informerons de tout changement en publiant la nouvelle politique de confidentialit\u00e9 sur cette page.<\/p>\n\n<p>Nous vous conseillons de consulter r\u00e9guli\u00e8rement cette politique de confidentialit\u00e9 pour tout changement. Les modifications apport\u00e9es \u00e0 cette politique de confidentialit\u00e9 sont effectives lorsqu'elles sont publi\u00e9es sur cette page.<\/p>\n<p>\u00a0<\/p>\n\n<h2 class=\"wp-block-heading\">XII - Nous contacter<\/h2>\n\n<p>Si vous avez des questions sur cette politique de confidentialit\u00e9, veuillez <a href=\"\/fr\/contact\/\">contacte-nous<\/a>.<\/p>\n\t\t\t\t\t\t\t\t<\/div>\n\t\t\t\t<\/div>\n\t\t\t\t\t<\/div>\n\t\t<\/div>\n\t\t\t\t\t<\/div>\n\t\t<\/section>\n\t\t\t\t<\/div>","protected":false},"excerpt":{"rendered":"<p>Privacy Policy Last updated: \u00a0 Overview This page informs you of our policies regarding the collection, use, and disclosure of Personal Information when you use our Service. By using the Service, you agree to the collection and use of information in accordance with this policy. Unless otherwise defined in this Privacy Policy, terms used in&hellip;&nbsp;<a href=\"https:\/\/studio.mouvements-modernes.eu\/fr\/privacy-policy\/\" rel=\"bookmark\">Lire la suite &raquo;<span class=\"screen-reader-text\">Politique de confidentialit\u00e9<\/span><\/a><\/p>","protected":false},"author":1,"featured_media":0,"parent":0,"menu_order":0,"comment_status":"closed","ping_status":"closed","template":"elementor_header_footer","meta":{"neve_meta_sidebar":"","neve_meta_container":"","neve_meta_enable_content_width":"off","neve_meta_content_width":0,"neve_meta_title_alignment":"","neve_meta_author_avatar":"","neve_post_elements_order":"","neve_meta_disable_header":"","neve_meta_disable_footer":"","neve_meta_disable_title":"","footnotes":""},"class_list":["post-1460","page","type-page","status-publish","hentry"],"_links":{"self":[{"href":"https:\/\/studio.mouvements-modernes.eu\/fr\/wp-json\/wp\/v2\/pages\/1460","targetHints":{"allow":["GET"]}}],"collection":[{"href":"https:\/\/studio.mouvements-modernes.eu\/fr\/wp-json\/wp\/v2\/pages"}],"about":[{"href":"https:\/\/studio.mouvements-modernes.eu\/fr\/wp-json\/wp\/v2\/types\/page"}],"author":[{"embeddable":true,"href":"https:\/\/studio.mouvements-modernes.eu\/fr\/wp-json\/wp\/v2\/users\/1"}],"replies":[{"embeddable":true,"href":"https:\/\/studio.mouvements-modernes.eu\/fr\/wp-json\/wp\/v2\/comments?post=1460"}],"version-history":[{"count":10,"href":"https:\/\/studio.mouvements-modernes.eu\/fr\/wp-json\/wp\/v2\/pages\/1460\/revisions"}],"predecessor-version":[{"id":10004,"href":"https:\/\/studio.mouvements-modernes.eu\/fr\/wp-json\/wp\/v2\/pages\/1460\/revisions\/10004"}],"wp:attachment":[{"href":"https:\/\/studio.mouvements-modernes.eu\/fr\/wp-json\/wp\/v2\/media?parent=1460"}],"curies":[{"name":"wp","href":"https:\/\/api.w.org\/{rel}","templated":true}]}}